{"id":903,"date":"2017-06-19T11:01:47","date_gmt":"2017-06-19T13:01:47","guid":{"rendered":"http:\/\/www.encontraassis.com.br\/noticias\/?page_id=903"},"modified":"2017-06-19T11:40:58","modified_gmt":"2017-06-19T13:40:58","slug":"sobre-assis","status":"publish","type":"page","link":"https:\/\/www.encontraassis.com.br\/sobre\/","title":{"rendered":"Sobre Assis"},"content":{"rendered":"<p><br \/>\n<img decoding=\"async\" class=\"alignnone wp-image-906 size-full\" src=\"http:\/\/www.encontraassis.com.br\/sobre\/wp-content\/uploads\/2017\/06\/cidade-de-assis.jpg\" alt=\"\" width=\"100%\" srcset=\"https:\/\/www.encontraassis.com.br\/sobre\/wp-content\/uploads\/2017\/06\/cidade-de-assis.jpg 565w, https:\/\/www.encontraassis.com.br\/sobre\/wp-content\/uploads\/2017\/06\/cidade-de-assis-300x105.jpg 300w\" sizes=\"(max-width: 565px) 100vw, 565px\" \/><\/p>\n<p>Assis \u00e9 um munic\u00edpio brasileiro do interior do estado de S\u00e3o Paulo. Situa-se a 22\u00ba 39&#8242; 42&#8243; de latitude sul e 50\u00ba 24&#8242; 44&#8243; de longitude oeste, distante 434 km da capital estadual. Seu territ\u00f3rio de pouco mais de 462 km\u00b2 abriga uma popula\u00e7\u00e3o de 95 156 habitantes (IBGE\/2010).<\/p>\n<h2>Hist\u00f3ria<\/h2>\n<p>O primeiro desbravador do Sert\u00e3o do Paranapanema foi Jos\u00e9 Teodoro de Souza, que saiu de Pouso Alegre com destino \u00e0 Prov\u00edncia de S\u00e3o Paulo penetrando em dire\u00e7\u00e3o a Mogi Mirim e em seguida Botucatu.<\/p>\n<p>De Botucatu Jos\u00e9 Teodoro passou pelas vertentes do Rio Pardo, atravessou os campos que ficam do lado de Len\u00e7\u00f3is e S\u00e3o Domingos e chegou at\u00e9 o Ribeir\u00e3o da Figueira, pouco al\u00e9m da foz do Rio Tibagi. Regressou a Botucatu e conseguiu registrar a sua posse, perante o vig\u00e1rio de Botucatu, assegurando seus direitos para recorrer ao processo de legitima\u00e7\u00e3o de suas terras.<\/p>\n<p>Ap\u00f3s conseguir a legitima\u00e7\u00e3o de sua posse, Jos\u00e9 Teodoro, fundou um povoado na margem esquerda do Rio Novo, que recebeu o nome de S\u00e3o Jos\u00e9 do Rio Novo, posteriormente chamado de S\u00e3o Jos\u00e9 dos Campos Novos do Paranapanema, com a finalidade de atrair povoadores para o sert\u00e3o do Paranapanema.<\/p>\n<p>A not\u00edcia que a posse de Jos\u00e9 Teodoro tinha solo muito f\u00e9rtil provocou as primeiras aquisi\u00e7\u00f5es de terras. Uns dos primeiros adquirintes de terras da regi\u00e3o foram Francisco de Assis Nogueira e Jos\u00e9 Machado de Lima, que adquiriram a margem direita e esquerda do rio Pari, que passou a constituir a chamada Fazenda Taquaral.<\/p>\n<p>Em 1\u00ba de Julho de 1905 o Capit\u00e3o Francisco de Acis Nogueira efetivou a doa\u00e7\u00e3o de 80 alqueires de terras de lavrado \u00e0 igreja, para patrim\u00f4nio de uma Capela, sob a tr\u00edplice evoca\u00e7\u00e3o do Sagrado Cora\u00e7\u00e3o de Jesus, de S\u00e3o Francisco de Assis e da Obra \u2013 Pio do P\u00e3o de Santo Antonio (Funda\u00e7\u00e3o de Acis).<\/p>\n<p>Em torno da Capela, foram surgindo as primeiras casas do povoado, que pertenciam a jurisdi\u00e7\u00e3o do munic\u00edpio de Campos Novos do Paranapanema (atual Campos Novos Paulista).<\/p>\n<p>O desenvolvimento do povoado foi devido exclusivamente, ao avan\u00e7o dos trilhos da Estrada de Ferro Sorocabana, que chegaram ao povoado de Acis em 1914. Em 1915, pela Lei Estadual n\u00ba 1.496, de 30 de dezembro de 1915, o povoado foi elevado a Distrito de Paz. Dois anos depois, foi criado o Munic\u00edpio de Acis pela Lei Estadual n\u00ba 1.581 de 20 de dezembro de 1917.<\/p>\n<p>Em 6 de abril de 1918, os vereadores elegeram o primeiro prefeito: Jo\u00e3o Teixeira de Camargo. Em 8 de abril de 1918, foi aprovado o Regimento Interno da C\u00e2mara e adotado o C\u00f3digo de Posturas Municipais de Itatiba, para o munic\u00edpio de Acis. A estrada de Ferro Sorocabana foi a respons\u00e1vel pela r\u00e1pida escalada de Acis, que j\u00e1 em 20 de Mar\u00e7o de 1918 passou \u00e0 sede de comarca. Tamb\u00e9m abriu caminho para chegada do caf\u00e9, tornando Acis o ponto de converg\u00eancia de toda a regi\u00e3o e base de opera\u00e7\u00e3o para a coloniza\u00e7\u00e3o do Paran\u00e1.<\/p>\n<h2>Origem do nome<\/h2>\n<p>O nome acis foi dado em homenagem ao fundador do munic\u00edpio, Capit\u00e3o Francisco de Acis Nogueira.O nome foi adaptado anos depois pelos pr\u00f3prios moradores que escreviam <a title=\"Assis\" href=\"http:\/\/www.encontraassis.com.br\/\" target=\"_blank\" rel=\"noopener noreferrer\">Assis<\/a> com dois &#8216;s&#8217;.<\/p>\n<h2>Economia<\/h2>\n<p>A cidade apresenta uma economia baseada na pecu\u00e1ria de corte e no cultivo de soja, trigo, milho e cana-de-a\u00e7\u00facar, al\u00e9m de um com\u00e9rcio forte que atrai compradores de toda a regi\u00e3o e um pequeno parque industrial com destaque para as empresas de concreto.<br \/>\nConta ainda com diversas concession\u00e1rias de ve\u00edculos de passeio, caminh\u00f5es e m\u00e1quinas agr\u00edcolas.<\/p>\n<p>A cidade tem aproximadamente 98.715 habitantes (est. 2009) e \u00e9 geograficamente favorecida, desenvolve uma economia diversificada, nas \u00e1reas da agricultura, com\u00e9rcio e presta\u00e7\u00e3o de servi\u00e7os, e ainda possui um potencial tur\u00edstico na regi\u00e3o do m\u00e9dio Paranapanema.<\/p>\n<p>A <a title=\"Cidade de Assis\" href=\"http:\/\/www.encontraassis.com.br\/\" target=\"_blank\" rel=\"noopener noreferrer\">Cidade de Assis<\/a> \u00e9 servido pelo projeto Incubadora de Empresas de Assis &#8211; N\u00facleo de Desenvolvimento Empresarial &#8220;Renato de Rezende Barbosa&#8221;, com o apoio das entidades parceiras FIESP &#8211; Federa\u00e7\u00e3o das Ind\u00fastrias do Estado de S\u00e3o Paulo, SEBRAE &#8211; Servi\u00e7o Brasileiro de Apoio \u00e0s Micro e Pequenas Empresas e Prefeitura Municipal de Assis, localizada no antigo pr\u00e9dio das Oficinas de Locomotivas da FEPASA (ex. EFS &#8211; Estrada de Ferro Sorocabana), onde oferece servi\u00e7os de apoio gerencial e administrativo \u00e0s micro e pequenas ind\u00fastrias do munic\u00edpio, atrav\u00e9s do processo de Incuba\u00e7\u00e3o. Os servi\u00e7os compreendem, oferta de espa\u00e7o para instala\u00e7\u00e3o da ind\u00fastria, treinamento e capacita\u00e7\u00e3o dos empres\u00e1rios.<\/p>\n<p>Para homenagear a comunidade de moradores desta maravilhosa cidade, o <a title=\"Encontra S\u00e3o Paulo\" href=\"http:\/\/www.encontrasaopaulo.com.br\/\" target=\"_blank\" rel=\"noopener noreferrer\">Encontra S\u00e3o Paulo<\/a> criou o <a title=\"Encontra Assis\" href=\"http:\/\/www.encontraassis.com.br\/\" target=\"_blank\" rel=\"noopener noreferrer\">Encontra Assis<\/a>.<\/p>\n<h2>Not\u00edcias de Assis<\/h2>\n<p><a href=\"http:\/\/www.encontraassis.com.br\/noticias\"><img decoding=\"async\" src=\"http:\/\/feeds.feedburner.com\/encontraassis.gif?w=1&amp;c=1&amp;bb=CEVY\" alt=\"Blog do Guia da Cidade Assis\" border=\"0\" \/><\/a><\/p>\n<h2>Cidades de S\u00e3o Paulo: Limites &#8211; Cidades Vizinhas<\/h2>\n<p>Lut\u00e9cia, C\u00e2ndido Mota, Tarum\u00e3, Platina, Echapor\u00e3, Paragua\u00e7u Paulista e Maraca\u00ed. <a title=\"Rodovia Raposo Tavares\" href=\"http:\/\/www.rodoviaraposotavares.com.br\/\">Rodovia Raposo Tavares<\/a><\/p>\n<h3>Dados Principais sobre a Cidade de Assis<\/h3>\n<div><strong>Anivers\u00e1rio: <\/strong>1 de Julho<br \/>\n<strong>Funda\u00e7\u00e3o :<\/strong> 1905<br \/>\n<strong>Gent\u00edlico: <\/strong> Assisense<br \/>\n<strong>\u00c1rea: <\/strong> 461,156 Km\u00b2<br \/>\n<strong>Popula\u00e7\u00e3o<\/strong> 95.156 hab. (2010)<br \/>\n<strong>IDH<\/strong> 0,829 &#8211; elevado<br \/>\n<strong>Prefeitura<\/strong> Assis<\/p>\n<div id=\"attachment_904\" style=\"width: 114px\" class=\"wp-caption alignnone\"><img loading=\"lazy\" decoding=\"async\" aria-describedby=\"caption-attachment-904\" class=\"wp-image-904 size-full\" src=\"http:\/\/www.encontraassis.com.br\/sobre\/wp-content\/uploads\/2017\/06\/brasao-de-assis.jpg\" alt=\"Bras\u00e3o de Assis\" width=\"104\" height=\"119\" \/><p id=\"caption-attachment-904\" class=\"wp-caption-text\">Bras\u00e3o de Assis<\/p><\/div>\n<div id=\"attachment_905\" style=\"width: 155px\" class=\"wp-caption alignnone\"><img loading=\"lazy\" decoding=\"async\" aria-describedby=\"caption-attachment-905\" class=\"wp-image-905 size-full\" src=\"http:\/\/www.encontraassis.com.br\/sobre\/wp-content\/uploads\/2017\/06\/bandeira-de-assis.jpg\" alt=\"Bandeira de Assis\" width=\"145\" height=\"93\" \/><p id=\"caption-attachment-905\" class=\"wp-caption-text\">Bandeira de Assis<\/p><\/div>\n<h2>V\u00eddeo sobre a cidade de Assis<\/h2>\n<h3><a title=\"Veja mais v\u00eddeos sobre a Cidade de Assis\" href=\"http:\/\/www.encontraassis.com.br\/assis\/videos-sobre-assis.shtml\">Veja mais v\u00eddeos sobre a Cidade de Assis<\/a><\/h3>\n<p><iframe loading=\"lazy\" src=\"https:\/\/www.youtube.com\/embed\/VvCwhviZ1O0\" width=\"100%\" height=\"285\" frameborder=\"0\" allowfullscreen=\"allowfullscreen\"><\/iframe><\/p>\n<h2>Mapa Assis<\/h2>\n<p><iframe loading=\"lazy\" style=\"border: 0;\" src=\"https:\/\/www.google.com\/maps\/embed?pb=!1m18!1m12!1m3!1d29455.239060244337!2d-50.42703158803847!3d-22.657334745249024!2m3!1f0!2f0!3f0!3m2!1i1024!2i768!4f13.1!3m3!1m2!1s0x9495399f08410cd5%3A0x3f91030bb8aa3d37!2sAssis%2C+SP!5e0!3m2!1spt-BR!2sbr!4v1497877283560\" width=\"100%\" height=\"300\" frameborder=\"0\" allowfullscreen=\"allowfullscreen\"><\/iframe><\/p>\n<\/div>\n\n<div style=\"font-size: 0px; height: 0px; line-height: 0px; margin: 0; padding: 0; clear: both;\"><\/div>","protected":false},"excerpt":{"rendered":"<p>Assis \u00e9 um munic\u00edpio brasileiro do interior do estado de S\u00e3o Paulo. Situa-se a 22\u00ba 39&#8242; 42&#8243; de latitude sul e 50\u00ba 24&#8242; 44&#8243; de longitude oeste, distante 434 km da capital estadual. Seu territ\u00f3rio de pouco mais de 462 km\u00b2 abriga uma popula\u00e7\u00e3o de 95 156 habitantes (IBGE\/2010). Hist\u00f3ria O primeiro desbravador do Sert\u00e3o do Paranapanema foi Jos\u00e9 Teodoro de Souza, que saiu de Pouso Alegre com destino \u00e0 Prov\u00edncia de S\u00e3o Paulo penetrando em dire\u00e7\u00e3o a Mogi Mirim e em seguida Botucatu. De Botucatu Jos\u00e9 Teodoro passou pelas vertentes do Rio Pardo, atravessou os campos que ficam do <\/p>\n","protected":false},"author":1,"featured_media":0,"parent":0,"menu_order":0,"comment_status":"closed","ping_status":"closed","template":"","meta":{"footnotes":""},"class_list":["post-903","page","type-page","status-publish","hentry"],"yoast_head":"<!-- This site is optimized with the Yoast SEO plugin v26.3 - https:\/\/yoast.com\/wordpress\/plugins\/seo\/ -->\n<title>Sobre Assis - Encontra Assis<\/title>\n<meta name=\"robots\" content=\"index, follow, max-snippet:-1, max-image-preview:large, max-video-preview:-1\" \/>\n<link rel=\"canonical\" href=\"https:\/\/www.encontraassis.com.br\/sobre\/\" \/>\n<meta property=\"og:locale\" content=\"pt_BR\" \/>\n<meta property=\"og:type\" content=\"article\" \/>\n<meta property=\"og:title\" content=\"Sobre Assis - Encontra Assis\" \/>\n<meta property=\"og:description\" content=\"Assis \u00e9 um munic\u00edpio brasileiro do interior do estado de S\u00e3o Paulo. Situa-se a 22\u00ba 39&#8242; 42&#8243; de latitude sul e 50\u00ba 24&#8242; 44&#8243; de longitude oeste, distante 434 km da capital estadual. Seu territ\u00f3rio de pouco mais de 462 km\u00b2 abriga uma popula\u00e7\u00e3o de 95 156 habitantes (IBGE\/2010). Hist\u00f3ria O primeiro desbravador do Sert\u00e3o do Paranapanema foi Jos\u00e9 Teodoro de Souza, que saiu de Pouso Alegre com destino \u00e0 Prov\u00edncia de S\u00e3o Paulo penetrando em dire\u00e7\u00e3o a Mogi Mirim e em seguida Botucatu. De Botucatu Jos\u00e9 Teodoro passou pelas vertentes do Rio Pardo, atravessou os campos que ficam do\" \/>\n<meta property=\"og:url\" content=\"https:\/\/www.encontraassis.com.br\/sobre\/\" \/>\n<meta property=\"og:site_name\" content=\"Encontra Assis\" \/>\n<meta property=\"article:modified_time\" content=\"2017-06-19T13:40:58+00:00\" \/>\n<meta property=\"og:image\" content=\"http:\/\/www.encontraassis.com.br\/sobre\/wp-content\/uploads\/2017\/06\/cidade-de-assis.jpg\" \/>\n<meta name=\"twitter:card\" content=\"summary_large_image\" \/>\n<meta name=\"twitter:label1\" content=\"Est. tempo de leitura\" \/>\n\t<meta name=\"twitter:data1\" content=\"4 minutos\" \/>\n<script type=\"application\/ld+json\" class=\"yoast-schema-graph\">{\"@context\":\"https:\/\/schema.org\",\"@graph\":[{\"@type\":\"WebPage\",\"@id\":\"https:\/\/www.encontraassis.com.br\/sobre\/\",\"url\":\"https:\/\/www.encontraassis.com.br\/sobre\/\",\"name\":\"Sobre Assis - Encontra Assis\",\"isPartOf\":{\"@id\":\"https:\/\/www.encontraassis.com.br\/sobre\/#website\"},\"primaryImageOfPage\":{\"@id\":\"https:\/\/www.encontraassis.com.br\/sobre\/#primaryimage\"},\"image\":{\"@id\":\"https:\/\/www.encontraassis.com.br\/sobre\/#primaryimage\"},\"thumbnailUrl\":\"http:\/\/www.encontraassis.com.br\/sobre\/wp-content\/uploads\/2017\/06\/cidade-de-assis.jpg\",\"datePublished\":\"2017-06-19T13:01:47+00:00\",\"dateModified\":\"2017-06-19T13:40:58+00:00\",\"breadcrumb\":{\"@id\":\"https:\/\/www.encontraassis.com.br\/sobre\/#breadcrumb\"},\"inLanguage\":\"pt-BR\",\"potentialAction\":[{\"@type\":\"ReadAction\",\"target\":[\"https:\/\/www.encontraassis.com.br\/sobre\/\"]}]},{\"@type\":\"ImageObject\",\"inLanguage\":\"pt-BR\",\"@id\":\"https:\/\/www.encontraassis.com.br\/sobre\/#primaryimage\",\"url\":\"http:\/\/www.encontraassis.com.br\/sobre\/wp-content\/uploads\/2017\/06\/cidade-de-assis.jpg\",\"contentUrl\":\"http:\/\/www.encontraassis.com.br\/sobre\/wp-content\/uploads\/2017\/06\/cidade-de-assis.jpg\"},{\"@type\":\"BreadcrumbList\",\"@id\":\"https:\/\/www.encontraassis.com.br\/sobre\/#breadcrumb\",\"itemListElement\":[{\"@type\":\"ListItem\",\"position\":1,\"name\":\"In\u00edcio\",\"item\":\"https:\/\/www.encontraassis.com.br\/sobre\/\"},{\"@type\":\"ListItem\",\"position\":2,\"name\":\"Sobre Assis\"}]},{\"@type\":\"WebSite\",\"@id\":\"https:\/\/www.encontraassis.com.br\/sobre\/#website\",\"url\":\"https:\/\/www.encontraassis.com.br\/sobre\/\",\"name\":\"Encontra Assis\",\"description\":\"Not\u00edcias, eventos, informa\u00e7\u00f5es e dicas na cidade de Assis e regi\u00e3o\",\"potentialAction\":[{\"@type\":\"SearchAction\",\"target\":{\"@type\":\"EntryPoint\",\"urlTemplate\":\"https:\/\/www.encontraassis.com.br\/sobre\/?s={search_term_string}\"},\"query-input\":{\"@type\":\"PropertyValueSpecification\",\"valueRequired\":true,\"valueName\":\"search_term_string\"}}],\"inLanguage\":\"pt-BR\"}]}<\/script>\n<!-- \/ Yoast SEO plugin. -->","yoast_head_json":{"title":"Sobre Assis - Encontra Assis","robots":{"index":"index","follow":"follow","max-snippet":"max-snippet:-1","max-image-preview":"max-image-preview:large","max-video-preview":"max-video-preview:-1"},"canonical":"https:\/\/www.encontraassis.com.br\/sobre\/","og_locale":"pt_BR","og_type":"article","og_title":"Sobre Assis - Encontra Assis","og_description":"Assis \u00e9 um munic\u00edpio brasileiro do interior do estado de S\u00e3o Paulo. Situa-se a 22\u00ba 39&#8242; 42&#8243; de latitude sul e 50\u00ba 24&#8242; 44&#8243; de longitude oeste, distante 434 km da capital estadual. Seu territ\u00f3rio de pouco mais de 462 km\u00b2 abriga uma popula\u00e7\u00e3o de 95 156 habitantes (IBGE\/2010). Hist\u00f3ria O primeiro desbravador do Sert\u00e3o do Paranapanema foi Jos\u00e9 Teodoro de Souza, que saiu de Pouso Alegre com destino \u00e0 Prov\u00edncia de S\u00e3o Paulo penetrando em dire\u00e7\u00e3o a Mogi Mirim e em seguida Botucatu. De Botucatu Jos\u00e9 Teodoro passou pelas vertentes do Rio Pardo, atravessou os campos que ficam do","og_url":"https:\/\/www.encontraassis.com.br\/sobre\/","og_site_name":"Encontra Assis","article_modified_time":"2017-06-19T13:40:58+00:00","og_image":[{"url":"http:\/\/www.encontraassis.com.br\/sobre\/wp-content\/uploads\/2017\/06\/cidade-de-assis.jpg","type":"","width":"","height":""}],"twitter_card":"summary_large_image","twitter_misc":{"Est. tempo de leitura":"4 minutos"},"schema":{"@context":"https:\/\/schema.org","@graph":[{"@type":"WebPage","@id":"https:\/\/www.encontraassis.com.br\/sobre\/","url":"https:\/\/www.encontraassis.com.br\/sobre\/","name":"Sobre Assis - Encontra Assis","isPartOf":{"@id":"https:\/\/www.encontraassis.com.br\/sobre\/#website"},"primaryImageOfPage":{"@id":"https:\/\/www.encontraassis.com.br\/sobre\/#primaryimage"},"image":{"@id":"https:\/\/www.encontraassis.com.br\/sobre\/#primaryimage"},"thumbnailUrl":"http:\/\/www.encontraassis.com.br\/sobre\/wp-content\/uploads\/2017\/06\/cidade-de-assis.jpg","datePublished":"2017-06-19T13:01:47+00:00","dateModified":"2017-06-19T13:40:58+00:00","breadcrumb":{"@id":"https:\/\/www.encontraassis.com.br\/sobre\/#breadcrumb"},"inLanguage":"pt-BR","potentialAction":[{"@type":"ReadAction","target":["https:\/\/www.encontraassis.com.br\/sobre\/"]}]},{"@type":"ImageObject","inLanguage":"pt-BR","@id":"https:\/\/www.encontraassis.com.br\/sobre\/#primaryimage","url":"http:\/\/www.encontraassis.com.br\/sobre\/wp-content\/uploads\/2017\/06\/cidade-de-assis.jpg","contentUrl":"http:\/\/www.encontraassis.com.br\/sobre\/wp-content\/uploads\/2017\/06\/cidade-de-assis.jpg"},{"@type":"BreadcrumbList","@id":"https:\/\/www.encontraassis.com.br\/sobre\/#breadcrumb","itemListElement":[{"@type":"ListItem","position":1,"name":"In\u00edcio","item":"https:\/\/www.encontraassis.com.br\/sobre\/"},{"@type":"ListItem","position":2,"name":"Sobre Assis"}]},{"@type":"WebSite","@id":"https:\/\/www.encontraassis.com.br\/sobre\/#website","url":"https:\/\/www.encontraassis.com.br\/sobre\/","name":"Encontra Assis","description":"Not\u00edcias, eventos, informa\u00e7\u00f5es e dicas na cidade de Assis e regi\u00e3o","potentialAction":[{"@type":"SearchAction","target":{"@type":"EntryPoint","urlTemplate":"https:\/\/www.encontraassis.com.br\/sobre\/?s={search_term_string}"},"query-input":{"@type":"PropertyValueSpecification","valueRequired":true,"valueName":"search_term_string"}}],"inLanguage":"pt-BR"}]}},"_links":{"self":[{"href":"https:\/\/www.encontraassis.com.br\/sobre\/wp-json\/wp\/v2\/pages\/903","targetHints":{"allow":["GET"]}}],"collection":[{"href":"https:\/\/www.encontraassis.com.br\/sobre\/wp-json\/wp\/v2\/pages"}],"about":[{"href":"https:\/\/www.encontraassis.com.br\/sobre\/wp-json\/wp\/v2\/types\/page"}],"author":[{"embeddable":true,"href":"https:\/\/www.encontraassis.com.br\/sobre\/wp-json\/wp\/v2\/users\/1"}],"replies":[{"embeddable":true,"href":"https:\/\/www.encontraassis.com.br\/sobre\/wp-json\/wp\/v2\/comments?post=903"}],"version-history":[{"count":0,"href":"https:\/\/www.encontraassis.com.br\/sobre\/wp-json\/wp\/v2\/pages\/903\/revisions"}],"wp:attachment":[{"href":"https:\/\/www.encontraassis.com.br\/sobre\/wp-json\/wp\/v2\/media?parent=903"}],"curies":[{"name":"wp","href":"https:\/\/api.w.org\/{rel}","templated":true}]}}